{"id":237,"date":"2025-04-11T09:45:14","date_gmt":"2025-04-11T07:45:14","guid":{"rendered":"https:\/\/fwccon.com\/?page_id=237"},"modified":"2025-05-07T17:26:25","modified_gmt":"2025-05-07T15:26:25","slug":"conocenos","status":"publish","type":"page","link":"https:\/\/fwccon.com\/en\/conocenos\/","title":{"rendered":"About Us"},"content":{"rendered":"<div data-elementor-type=\"wp-page\" data-elementor-id=\"237\" class=\"elementor elementor-237\">\n\t\t\t\t<div class=\"elementor-element elementor-element-c827c8f e-con-full e-flex e-con e-parent\" data-id=\"c827c8f\" data-element_type=\"container\" data-settings=\"{&quot;background_background&quot;:&quot;classic&quot;}\">\n\t\t<div class=\"elementor-element elementor-element-f6df5e7 e-con-full e-flex e-con e-child\" data-id=\"f6df5e7\" data-element_type=\"container\">\n\t\t\t\t<div class=\"elementor-element elementor-element-f97f5c4 elementor-widget elementor-widget-heading\" data-id=\"f97f5c4\" data-element_type=\"widget\" data-widget_type=\"heading.default\">\n\t\t\t\t<div class=\"elementor-widget-container\">\n\t\t\t\t\t<h6 class=\"elementor-heading-title elementor-size-default\">About Us<\/h6>\t\t\t\t<\/div>\n\t\t\t\t<\/div>\n\t\t\t\t<div class=\"elementor-element elementor-element-ac84f97 elementor-widget elementor-widget-text-editor\" data-id=\"ac84f97\" data-element_type=\"widget\" data-widget_type=\"text-editor.default\">\n\t\t\t\t<div class=\"elementor-widget-container\">\n\t\t\t\t\t\t\t\t\t<p>FWC Construcciones was founded in 2003 and since then has specialized in the construction and development of high-end homes, condominiums and commercial properties.<\/p><p>With over ninety properties developed and more than 250,000 square feet of construction, we have a proven commitment to quality and reliability.<\/p><p>Our main focus is the complete satisfaction of our clients.<\/p>\t\t\t\t\t\t\t\t<\/div>\n\t\t\t\t<\/div>\n\t\t\t\t<div class=\"elementor-element elementor-element-1b994e3 elementor-align-left elementor-widget elementor-widget-button\" data-id=\"1b994e3\" data-element_type=\"widget\" data-widget_type=\"button.default\">\n\t\t\t\t<div class=\"elementor-widget-container\">\n\t\t\t\t\t\t\t\t\t<div class=\"elementor-button-wrapper\">\n\t\t\t\t\t<a class=\"elementor-button elementor-button-link elementor-size-sm elementor-animation-shrink\" href=\"https:\/\/fwccon.com\/en\/contacto\/\">\n\t\t\t\t\t\t<span class=\"elementor-button-content-wrapper\">\n\t\t\t\t\t\t\t\t\t<span class=\"elementor-button-text\">Contact Us<\/span>\n\t\t\t\t\t<\/span>\n\t\t\t\t\t<\/a>\n\t\t\t\t<\/div>\n\t\t\t\t\t\t\t\t<\/div>\n\t\t\t\t<\/div>\n\t\t\t\t<\/div>\n\t\t<div class=\"elementor-element elementor-element-aabd4d2 e-con-full e-flex e-con e-child\" data-id=\"aabd4d2\" data-element_type=\"container\">\n\t\t\t\t<div class=\"elementor-element elementor-element-6e59a82 elementor-widget elementor-widget-image\" data-id=\"6e59a82\" data-element_type=\"widget\" data-widget_type=\"image.default\">\n\t\t\t\t<div class=\"elementor-widget-container\">\n\t\t\t\t\t\t\t\t\t\t\t\t\t\t\t<img fetchpriority=\"high\" decoding=\"async\" width=\"1024\" height=\"576\" src=\"https:\/\/fwccon.com\/wp-content\/uploads\/2025\/04\/back-house-in-the-nigth.png\" class=\"attachment-full size-full wp-image-51\" alt=\"\" srcset=\"https:\/\/fwccon.com\/wp-content\/uploads\/2025\/04\/back-house-in-the-nigth.png 1024w, https:\/\/fwccon.com\/wp-content\/uploads\/2025\/04\/back-house-in-the-nigth-300x169.png 300w, https:\/\/fwccon.com\/wp-content\/uploads\/2025\/04\/back-house-in-the-nigth-768x432.png 768w\" sizes=\"(max-width: 1024px) 100vw, 1024px\" \/>\t\t\t\t\t\t\t\t\t\t\t\t\t\t\t<\/div>\n\t\t\t\t<\/div>\n\t\t\t\t<\/div>\n\t\t<div class=\"elementor-element elementor-element-224e70f e-con-full e-flex e-con e-child\" data-id=\"224e70f\" data-element_type=\"container\">\n\t\t\t\t<div class=\"elementor-element elementor-element-6643668 elementor-widget elementor-widget-image\" data-id=\"6643668\" data-element_type=\"widget\" data-widget_type=\"image.default\">\n\t\t\t\t<div class=\"elementor-widget-container\">\n\t\t\t\t\t\t\t\t\t\t\t\t\t\t\t<img decoding=\"async\" width=\"2560\" height=\"1707\" src=\"https:\/\/fwccon.com\/wp-content\/uploads\/2025\/04\/CasaNido150119_29-HDR-2-scaled.jpg\" class=\"attachment-full size-full wp-image-142\" alt=\"\" srcset=\"https:\/\/fwccon.com\/wp-content\/uploads\/2025\/04\/CasaNido150119_29-HDR-2-scaled.jpg 2560w, https:\/\/fwccon.com\/wp-content\/uploads\/2025\/04\/CasaNido150119_29-HDR-2-300x200.jpg 300w, https:\/\/fwccon.com\/wp-content\/uploads\/2025\/04\/CasaNido150119_29-HDR-2-1024x683.jpg 1024w, https:\/\/fwccon.com\/wp-content\/uploads\/2025\/04\/CasaNido150119_29-HDR-2-768x512.jpg 768w, https:\/\/fwccon.com\/wp-content\/uploads\/2025\/04\/CasaNido150119_29-HDR-2-1536x1024.jpg 1536w, https:\/\/fwccon.com\/wp-content\/uploads\/2025\/04\/CasaNido150119_29-HDR-2-2048x1365.jpg 2048w\" sizes=\"(max-width: 2560px) 100vw, 2560px\" \/>\t\t\t\t\t\t\t\t\t\t\t\t\t\t\t<\/div>\n\t\t\t\t<\/div>\n\t\t\t\t<\/div>\n\t\t<div class=\"elementor-element elementor-element-46b7579 e-con-full e-flex e-con e-child\" data-id=\"46b7579\" data-element_type=\"container\">\n\t\t\t\t<div class=\"elementor-element elementor-element-d4f0d0e elementor-widget elementor-widget-image\" data-id=\"d4f0d0e\" data-element_type=\"widget\" data-widget_type=\"image.default\">\n\t\t\t\t<div class=\"elementor-widget-container\">\n\t\t\t\t\t\t\t\t\t\t\t\t\t\t\t<img decoding=\"async\" width=\"2560\" height=\"1707\" src=\"https:\/\/fwccon.com\/wp-content\/uploads\/2025\/04\/CasaNido150119_77-1-HDR-scaled.jpg\" class=\"attachment-full size-full wp-image-143\" alt=\"\" srcset=\"https:\/\/fwccon.com\/wp-content\/uploads\/2025\/04\/CasaNido150119_77-1-HDR-scaled.jpg 2560w, https:\/\/fwccon.com\/wp-content\/uploads\/2025\/04\/CasaNido150119_77-1-HDR-300x200.jpg 300w, https:\/\/fwccon.com\/wp-content\/uploads\/2025\/04\/CasaNido150119_77-1-HDR-1024x683.jpg 1024w, https:\/\/fwccon.com\/wp-content\/uploads\/2025\/04\/CasaNido150119_77-1-HDR-768x512.jpg 768w, https:\/\/fwccon.com\/wp-content\/uploads\/2025\/04\/CasaNido150119_77-1-HDR-1536x1024.jpg 1536w, https:\/\/fwccon.com\/wp-content\/uploads\/2025\/04\/CasaNido150119_77-1-HDR-2048x1365.jpg 2048w\" sizes=\"(max-width: 2560px) 100vw, 2560px\" \/>\t\t\t\t\t\t\t\t\t\t\t\t\t\t\t<\/div>\n\t\t\t\t<\/div>\n\t\t\t\t<\/div>\n\t\t<div class=\"elementor-element elementor-element-63d1d3a e-con-full e-flex e-con e-child\" data-id=\"63d1d3a\" data-element_type=\"container\">\n\t\t\t\t<div class=\"elementor-element elementor-element-944410e elementor-widget elementor-widget-image\" data-id=\"944410e\" data-element_type=\"widget\" data-widget_type=\"image.default\">\n\t\t\t\t<div class=\"elementor-widget-container\">\n\t\t\t\t\t\t\t\t\t\t\t\t\t\t\t<img loading=\"lazy\" decoding=\"async\" width=\"800\" height=\"534\" src=\"https:\/\/fwccon.com\/wp-content\/uploads\/2025\/04\/IMG_4678-1024x683.jpg\" class=\"attachment-large size-large wp-image-152\" alt=\"\" srcset=\"https:\/\/fwccon.com\/wp-content\/uploads\/2025\/04\/IMG_4678-1024x683.jpg 1024w, https:\/\/fwccon.com\/wp-content\/uploads\/2025\/04\/IMG_4678-300x200.jpg 300w, https:\/\/fwccon.com\/wp-content\/uploads\/2025\/04\/IMG_4678-768x512.jpg 768w, https:\/\/fwccon.com\/wp-content\/uploads\/2025\/04\/IMG_4678-1536x1024.jpg 1536w, https:\/\/fwccon.com\/wp-content\/uploads\/2025\/04\/IMG_4678-2048x1365.jpg 2048w\" sizes=\"(max-width: 800px) 100vw, 800px\" \/>\t\t\t\t\t\t\t\t\t\t\t\t\t\t\t<\/div>\n\t\t\t\t<\/div>\n\t\t\t\t<\/div>\n\t\t\t\t<\/div>\n\t\t\t\t<\/div>","protected":false},"excerpt":{"rendered":"<p>Sobre nosotros FWC Construcciones fue fundada en el a\u00f1o 2003 y desde entonces se especializa en la construcci\u00f3n y desarrollo de viviendas, condominios y propiedades comerciales de alta gama. Con m\u00e1s de noventa propiedades desarrolladas, contando con m\u00e1s de 20,000 metros cuadrados de construcci\u00f3n, hemos establecido una trayectoria de calidad comprobada, y una reputaci\u00f3n de [&hellip;]<\/p>","protected":false},"author":1,"featured_media":0,"parent":0,"menu_order":0,"comment_status":"closed","ping_status":"closed","template":"elementor_header_footer","meta":{"footnotes":""},"class_list":["post-237","page","type-page","status-publish","hentry"],"_links":{"self":[{"href":"https:\/\/fwccon.com\/en\/wp-json\/wp\/v2\/pages\/237","targetHints":{"allow":["GET"]}}],"collection":[{"href":"https:\/\/fwccon.com\/en\/wp-json\/wp\/v2\/pages"}],"about":[{"href":"https:\/\/fwccon.com\/en\/wp-json\/wp\/v2\/types\/page"}],"author":[{"embeddable":true,"href":"https:\/\/fwccon.com\/en\/wp-json\/wp\/v2\/users\/1"}],"replies":[{"embeddable":true,"href":"https:\/\/fwccon.com\/en\/wp-json\/wp\/v2\/comments?post=237"}],"version-history":[{"count":22,"href":"https:\/\/fwccon.com\/en\/wp-json\/wp\/v2\/pages\/237\/revisions"}],"predecessor-version":[{"id":482,"href":"https:\/\/fwccon.com\/en\/wp-json\/wp\/v2\/pages\/237\/revisions\/482"}],"wp:attachment":[{"href":"https:\/\/fwccon.com\/en\/wp-json\/wp\/v2\/media?parent=237"}],"curies":[{"name":"wp","href":"https:\/\/api.w.org\/{rel}","templated":true}]}}