{"id":10,"date":"2025-04-06T01:42:58","date_gmt":"2025-04-05T23:42:58","guid":{"rendered":"https:\/\/fwccon.com\/?page_id=10"},"modified":"2025-11-25T06:30:12","modified_gmt":"2025-11-25T05:30:12","slug":"inicio","status":"publish","type":"page","link":"https:\/\/fwccon.com\/en\/","title":{"rendered":"Inicio"},"content":{"rendered":"<div data-elementor-type=\"wp-page\" data-elementor-id=\"10\" class=\"elementor elementor-10\">\n\t\t\t\t<div class=\"elementor-element elementor-element-ef09209 e-con-full e-flex e-con e-parent\" data-id=\"ef09209\" data-element_type=\"container\" data-settings=\"{&quot;background_background&quot;:&quot;slideshow&quot;,&quot;background_slideshow_gallery&quot;:[{&quot;id&quot;:159,&quot;url&quot;:&quot;https:\\\/\\\/fwccon.com\\\/wp-content\\\/uploads\\\/2025\\\/04\\\/PORTADA-PAGINA-scaled.jpg&quot;},{&quot;id&quot;:147,&quot;url&quot;:&quot;https:\\\/\\\/fwccon.com\\\/wp-content\\\/uploads\\\/2025\\\/04\\\/Costamar-Aereo-Atras.jpg&quot;},{&quot;id&quot;:158,&quot;url&quot;:&quot;https:\\\/\\\/fwccon.com\\\/wp-content\\\/uploads\\\/2025\\\/04\\\/IMG_6061.jpg&quot;},{&quot;id&quot;:155,&quot;url&quot;:&quot;https:\\\/\\\/fwccon.com\\\/wp-content\\\/uploads\\\/2025\\\/04\\\/IMG_6056.jpg&quot;},{&quot;id&quot;:156,&quot;url&quot;:&quot;https:\\\/\\\/fwccon.com\\\/wp-content\\\/uploads\\\/2025\\\/04\\\/IMG_6058.jpg&quot;},{&quot;id&quot;:154,&quot;url&quot;:&quot;https:\\\/\\\/fwccon.com\\\/wp-content\\\/uploads\\\/2025\\\/04\\\/IMG_6052.jpg&quot;},{&quot;id&quot;:145,&quot;url&quot;:&quot;https:\\\/\\\/fwccon.com\\\/wp-content\\\/uploads\\\/2025\\\/04\\\/CasaWheelok150119_16-3-HDR.jpg&quot;},{&quot;id&quot;:138,&quot;url&quot;:&quot;https:\\\/\\\/fwccon.com\\\/wp-content\\\/uploads\\\/2025\\\/04\\\/MG_8922_LR-e1744355275465.png&quot;}],&quot;background_slideshow_loop&quot;:&quot;yes&quot;,&quot;background_slideshow_slide_duration&quot;:5000,&quot;background_slideshow_slide_transition&quot;:&quot;fade&quot;,&quot;background_slideshow_transition_duration&quot;:500}\">\n\t\t\t\t<\/div>\n\t\t<div class=\"elementor-element elementor-element-25c1e7e e-con-full e-flex e-con e-parent\" data-id=\"25c1e7e\" data-element_type=\"container\" data-settings=\"{&quot;background_background&quot;:&quot;classic&quot;}\">\n\t\t\t\t<div class=\"elementor-element elementor-element-ae697be elementor-widget__width-initial elementor-invisible elementor-widget elementor-widget-heading\" data-id=\"ae697be\" data-element_type=\"widget\" data-settings=\"{&quot;_animation&quot;:&quot;fadeInUp&quot;}\" data-widget_type=\"heading.default\">\n\t\t\t\t<div class=\"elementor-widget-container\">\n\t\t\t\t\t<h3 class=\"elementor-heading-title elementor-size-default\">FWC is a boutique company specializing in the construction of high-end residences. As developers, FWC has completed seven residential projects totaling over 40 homes, three condominium projects comprising 64 units, and commercial properties totaling over 3,000 square meters.<\/h3>\t\t\t\t<\/div>\n\t\t\t\t<\/div>\n\t\t\t\t<div class=\"elementor-element elementor-element-f901e1e elementor-invisible elementor-widget elementor-widget-image\" data-id=\"f901e1e\" data-element_type=\"widget\" data-settings=\"{&quot;_animation&quot;:&quot;slideInUp&quot;}\" data-widget_type=\"image.default\">\n\t\t\t\t<div class=\"elementor-widget-container\">\n\t\t\t\t\t\t\t\t\t\t\t\t\t\t\t<img fetchpriority=\"high\" decoding=\"async\" width=\"2200\" height=\"1239\" src=\"https:\/\/fwccon.com\/wp-content\/uploads\/2025\/04\/IMG_6061.jpg\" class=\"attachment-full size-full wp-image-158\" alt=\"\" srcset=\"https:\/\/fwccon.com\/wp-content\/uploads\/2025\/04\/IMG_6061.jpg 2200w, https:\/\/fwccon.com\/wp-content\/uploads\/2025\/04\/IMG_6061-300x169.jpg 300w, https:\/\/fwccon.com\/wp-content\/uploads\/2025\/04\/IMG_6061-1024x577.jpg 1024w, https:\/\/fwccon.com\/wp-content\/uploads\/2025\/04\/IMG_6061-768x433.jpg 768w, https:\/\/fwccon.com\/wp-content\/uploads\/2025\/04\/IMG_6061-1536x865.jpg 1536w, https:\/\/fwccon.com\/wp-content\/uploads\/2025\/04\/IMG_6061-2048x1153.jpg 2048w\" sizes=\"(max-width: 2200px) 100vw, 2200px\" \/>\t\t\t\t\t\t\t\t\t\t\t\t\t\t\t<\/div>\n\t\t\t\t<\/div>\n\t\t\t\t<\/div>\n\t\t<div class=\"elementor-element elementor-element-840f9c5 e-con-full e-flex e-con e-parent\" data-id=\"840f9c5\" data-element_type=\"container\" data-settings=\"{&quot;background_background&quot;:&quot;classic&quot;}\">\n\t\t<div class=\"elementor-element elementor-element-d33791a e-con-full e-flex e-con e-child\" data-id=\"d33791a\" data-element_type=\"container\">\n\t\t\t\t<div class=\"elementor-element elementor-element-937cf37 elementor-invisible elementor-widget elementor-widget-image\" data-id=\"937cf37\" data-element_type=\"widget\" data-settings=\"{&quot;_animation&quot;:&quot;slideInLeft&quot;}\" data-widget_type=\"image.default\">\n\t\t\t\t<div class=\"elementor-widget-container\">\n\t\t\t\t\t\t\t\t\t\t\t\t\t\t\t<img decoding=\"async\" width=\"756\" height=\"1008\" src=\"https:\/\/fwccon.com\/wp-content\/uploads\/2025\/04\/C59DE491-F52C-4E34-B5D4-B5510379339B.jpg\" class=\"attachment-full size-full wp-image-141\" alt=\"\" srcset=\"https:\/\/fwccon.com\/wp-content\/uploads\/2025\/04\/C59DE491-F52C-4E34-B5D4-B5510379339B.jpg 756w, https:\/\/fwccon.com\/wp-content\/uploads\/2025\/04\/C59DE491-F52C-4E34-B5D4-B5510379339B-225x300.jpg 225w\" sizes=\"(max-width: 756px) 100vw, 756px\" \/>\t\t\t\t\t\t\t\t\t\t\t\t\t\t\t<\/div>\n\t\t\t\t<\/div>\n\t\t\t\t<div class=\"elementor-element elementor-element-c78fb77 elementor-invisible elementor-widget elementor-widget-image\" data-id=\"c78fb77\" data-element_type=\"widget\" data-settings=\"{&quot;_animation&quot;:&quot;slideInRight&quot;}\" data-widget_type=\"image.default\">\n\t\t\t\t<div class=\"elementor-widget-container\">\n\t\t\t\t\t\t\t\t\t\t\t\t\t\t\t<img decoding=\"async\" width=\"2200\" height=\"1457\" src=\"https:\/\/fwccon.com\/wp-content\/uploads\/2025\/04\/IMG_6060.jpg\" class=\"attachment-full size-full wp-image-157\" alt=\"\" srcset=\"https:\/\/fwccon.com\/wp-content\/uploads\/2025\/04\/IMG_6060.jpg 2200w, https:\/\/fwccon.com\/wp-content\/uploads\/2025\/04\/IMG_6060-300x199.jpg 300w, https:\/\/fwccon.com\/wp-content\/uploads\/2025\/04\/IMG_6060-1024x678.jpg 1024w, https:\/\/fwccon.com\/wp-content\/uploads\/2025\/04\/IMG_6060-768x509.jpg 768w, https:\/\/fwccon.com\/wp-content\/uploads\/2025\/04\/IMG_6060-1536x1017.jpg 1536w, https:\/\/fwccon.com\/wp-content\/uploads\/2025\/04\/IMG_6060-2048x1356.jpg 2048w\" sizes=\"(max-width: 2200px) 100vw, 2200px\" \/>\t\t\t\t\t\t\t\t\t\t\t\t\t\t\t<\/div>\n\t\t\t\t<\/div>\n\t\t\t\t<div class=\"elementor-element elementor-element-be89bae elementor-invisible elementor-widget elementor-widget-image\" data-id=\"be89bae\" data-element_type=\"widget\" data-settings=\"{&quot;_animation&quot;:&quot;slideInUp&quot;}\" data-widget_type=\"image.default\">\n\t\t\t\t<div class=\"elementor-widget-container\">\n\t\t\t\t\t\t\t\t\t\t\t\t\t\t\t<img loading=\"lazy\" decoding=\"async\" width=\"1366\" height=\"478\" src=\"https:\/\/fwccon.com\/wp-content\/uploads\/2025\/04\/Background-image.jpg\" class=\"attachment-full size-full wp-image-50\" alt=\"Background image\" srcset=\"https:\/\/fwccon.com\/wp-content\/uploads\/2025\/04\/Background-image.jpg 1366w, https:\/\/fwccon.com\/wp-content\/uploads\/2025\/04\/Background-image-300x105.jpg 300w, https:\/\/fwccon.com\/wp-content\/uploads\/2025\/04\/Background-image-1024x358.jpg 1024w, https:\/\/fwccon.com\/wp-content\/uploads\/2025\/04\/Background-image-768x269.jpg 768w\" sizes=\"(max-width: 1366px) 100vw, 1366px\" \/>\t\t\t\t\t\t\t\t\t\t\t\t\t\t\t<\/div>\n\t\t\t\t<\/div>\n\t\t\t\t<\/div>\n\t\t<div class=\"elementor-element elementor-element-b217efc e-con-full e-flex e-con e-child\" data-id=\"b217efc\" data-element_type=\"container\">\n\t\t\t\t<div class=\"elementor-element elementor-element-a3d0f74 elementor-invisible elementor-widget elementor-widget-image\" data-id=\"a3d0f74\" data-element_type=\"widget\" data-settings=\"{&quot;_animation&quot;:&quot;slideInRight&quot;}\" data-widget_type=\"image.default\">\n\t\t\t\t<div class=\"elementor-widget-container\">\n\t\t\t\t\t\t\t\t\t\t\t\t\t\t\t<img loading=\"lazy\" decoding=\"async\" width=\"4536\" height=\"8064\" src=\"https:\/\/fwccon.com\/wp-content\/uploads\/2025\/04\/DJI_20250130191132_0323_D.png\" class=\"attachment-full size-full wp-image-150\" alt=\"\" srcset=\"https:\/\/fwccon.com\/wp-content\/uploads\/2025\/04\/DJI_20250130191132_0323_D.png 4536w, https:\/\/fwccon.com\/wp-content\/uploads\/2025\/04\/DJI_20250130191132_0323_D-169x300.png 169w, https:\/\/fwccon.com\/wp-content\/uploads\/2025\/04\/DJI_20250130191132_0323_D-576x1024.png 576w, https:\/\/fwccon.com\/wp-content\/uploads\/2025\/04\/DJI_20250130191132_0323_D-768x1365.png 768w, https:\/\/fwccon.com\/wp-content\/uploads\/2025\/04\/DJI_20250130191132_0323_D-864x1536.png 864w, https:\/\/fwccon.com\/wp-content\/uploads\/2025\/04\/DJI_20250130191132_0323_D-1152x2048.png 1152w\" sizes=\"(max-width: 4536px) 100vw, 4536px\" \/>\t\t\t\t\t\t\t\t\t\t\t\t\t\t\t<\/div>\n\t\t\t\t<\/div>\n\t\t\t\t<div class=\"elementor-element elementor-element-154fa80 elementor-invisible elementor-widget elementor-widget-image\" data-id=\"154fa80\" data-element_type=\"widget\" data-settings=\"{&quot;_animation&quot;:&quot;slideInUp&quot;}\" data-widget_type=\"image.default\">\n\t\t\t\t<div class=\"elementor-widget-container\">\n\t\t\t\t\t\t\t\t\t\t\t\t\t\t\t<img loading=\"lazy\" decoding=\"async\" width=\"3002\" height=\"1646\" src=\"https:\/\/fwccon.com\/wp-content\/uploads\/2025\/04\/IMG_3033.png\" class=\"attachment-full size-full wp-image-151\" alt=\"\" srcset=\"https:\/\/fwccon.com\/wp-content\/uploads\/2025\/04\/IMG_3033.png 3002w, https:\/\/fwccon.com\/wp-content\/uploads\/2025\/04\/IMG_3033-300x164.png 300w, https:\/\/fwccon.com\/wp-content\/uploads\/2025\/04\/IMG_3033-1024x561.png 1024w, https:\/\/fwccon.com\/wp-content\/uploads\/2025\/04\/IMG_3033-768x421.png 768w, https:\/\/fwccon.com\/wp-content\/uploads\/2025\/04\/IMG_3033-1536x842.png 1536w, https:\/\/fwccon.com\/wp-content\/uploads\/2025\/04\/IMG_3033-2048x1123.png 2048w\" sizes=\"(max-width: 3002px) 100vw, 3002px\" \/>\t\t\t\t\t\t\t\t\t\t\t\t\t\t\t<\/div>\n\t\t\t\t<\/div>\n\t\t\t\t<\/div>\n\t\t\t\t<\/div>\n\t\t<div class=\"elementor-element elementor-element-ae5f170 e-con-full e-flex e-con e-parent\" data-id=\"ae5f170\" data-element_type=\"container\" data-settings=\"{&quot;background_background&quot;:&quot;classic&quot;}\">\n\t\t\t\t<div class=\"elementor-element elementor-element-3d790df elementor-widget__width-initial elementor-invisible elementor-widget elementor-widget-heading\" data-id=\"3d790df\" data-element_type=\"widget\" data-settings=\"{&quot;_animation&quot;:&quot;fadeInUp&quot;}\" data-widget_type=\"heading.default\">\n\t\t\t\t<div class=\"elementor-widget-container\">\n\t\t\t\t\t<h3 class=\"elementor-heading-title elementor-size-default\">To date, FWC has built more than 64 beachfront condominium units, housing developments totaling more than 40 homes, and more than 25 high-end private homes, most of them on Nicaragua's Pacific coast.<\/h3>\t\t\t\t<\/div>\n\t\t\t\t<\/div>\n\t\t\t\t<\/div>\n\t\t<div class=\"elementor-element elementor-element-9a988db e-flex e-con-boxed e-con e-parent\" data-id=\"9a988db\" data-element_type=\"container\" data-settings=\"{&quot;background_background&quot;:&quot;classic&quot;}\">\n\t\t\t\t\t<div class=\"e-con-inner\">\n\t\t<div class=\"elementor-element elementor-element-137ff33 e-con-full e-flex e-con e-child\" data-id=\"137ff33\" data-element_type=\"container\">\n\t\t\t\t<div class=\"elementor-element elementor-element-e5d3354 elementor-invisible elementor-widget elementor-widget-text-editor\" data-id=\"e5d3354\" data-element_type=\"widget\" data-settings=\"{&quot;_animation&quot;:&quot;fadeInDown&quot;}\" data-widget_type=\"text-editor.default\">\n\t\t\t\t<div class=\"elementor-widget-container\">\n\t\t\t\t\t\t\t\t\t<p>The company is led by Engineer Francisco Wheelock, who has been in the real estate development and construction industry since 2003. Francisco graduated from Texas A&amp;M University with a degree in Civil Engineering in 2001, with Magna Cum Laude honors. After working in the United States, he decided to return to Nicaragua, where he began his career as a builder by creating his own company.<\/p><p>Francisco continued his studies and earned a specialization in Construction Project Management from Columbia University in 2018.<\/p>\t\t\t\t\t\t\t\t<\/div>\n\t\t\t\t<\/div>\n\t\t\t\t<div class=\"elementor-element elementor-element-ef97afb elementor-invisible elementor-widget elementor-widget-button\" data-id=\"ef97afb\" data-element_type=\"widget\" data-settings=\"{&quot;_animation&quot;:&quot;fadeInRight&quot;}\" data-widget_type=\"button.default\">\n\t\t\t\t<div class=\"elementor-widget-container\">\n\t\t\t\t\t\t\t\t\t<div class=\"elementor-button-wrapper\">\n\t\t\t\t\t<a class=\"elementor-button elementor-button-link elementor-size-sm elementor-animation-shrink\" href=\"https:\/\/fwccon.com\/en\/contacto\/\">\n\t\t\t\t\t\t<span class=\"elementor-button-content-wrapper\">\n\t\t\t\t\t\t\t\t\t<span class=\"elementor-button-text\">Contact Us<\/span>\n\t\t\t\t\t<\/span>\n\t\t\t\t\t<\/a>\n\t\t\t\t<\/div>\n\t\t\t\t\t\t\t\t<\/div>\n\t\t\t\t<\/div>\n\t\t\t\t<\/div>\n\t\t<div class=\"elementor-element elementor-element-1a873f2 e-con-full e-flex elementor-invisible e-con e-child\" data-id=\"1a873f2\" data-element_type=\"container\" data-settings=\"{&quot;background_background&quot;:&quot;classic&quot;,&quot;animation&quot;:&quot;fadeIn&quot;}\">\n\t\t\t\t<\/div>\n\t\t\t\t\t<\/div>\n\t\t\t\t<\/div>\n\t\t<div class=\"elementor-element elementor-element-258d034 e-con-full e-flex e-con e-parent\" data-id=\"258d034\" data-element_type=\"container\" data-settings=\"{&quot;background_background&quot;:&quot;classic&quot;}\">\n\t\t<div class=\"elementor-element elementor-element-4ba19ec e-con-full e-flex e-con e-child\" data-id=\"4ba19ec\" data-element_type=\"container\">\n\t\t\t\t<div class=\"elementor-element elementor-element-d7d3cdf elementor-invisible elementor-widget elementor-widget-image\" data-id=\"d7d3cdf\" data-element_type=\"widget\" data-settings=\"{&quot;_animation&quot;:&quot;fadeInLeft&quot;}\" data-widget_type=\"image.default\">\n\t\t\t\t<div class=\"elementor-widget-container\">\n\t\t\t\t\t\t\t\t\t\t\t\t\t\t\t<img loading=\"lazy\" decoding=\"async\" width=\"1000\" height=\"667\" src=\"https:\/\/fwccon.com\/wp-content\/uploads\/2025\/04\/MG_8922_LR-e1744355275465.png\" class=\"attachment-full size-full wp-image-138\" alt=\"\" srcset=\"https:\/\/fwccon.com\/wp-content\/uploads\/2025\/04\/MG_8922_LR-e1744355275465.png 1000w, https:\/\/fwccon.com\/wp-content\/uploads\/2025\/04\/MG_8922_LR-e1744355275465-300x200.png 300w, https:\/\/fwccon.com\/wp-content\/uploads\/2025\/04\/MG_8922_LR-e1744355275465-768x512.png 768w\" sizes=\"(max-width: 1000px) 100vw, 1000px\" \/>\t\t\t\t\t\t\t\t\t\t\t\t\t\t\t<\/div>\n\t\t\t\t<\/div>\n\t\t\t\t<\/div>\n\t\t<div class=\"elementor-element elementor-element-6982b40 e-con-full e-flex e-con e-child\" data-id=\"6982b40\" data-element_type=\"container\">\n\t\t\t\t<div class=\"elementor-element elementor-element-016263e elementor-invisible elementor-widget elementor-widget-image\" data-id=\"016263e\" data-element_type=\"widget\" data-settings=\"{&quot;_animation&quot;:&quot;fadeInDown&quot;}\" data-widget_type=\"image.default\">\n\t\t\t\t<div class=\"elementor-widget-container\">\n\t\t\t\t\t\t\t\t\t\t\t\t\t\t\t<img loading=\"lazy\" decoding=\"async\" width=\"1733\" height=\"1080\" src=\"https:\/\/fwccon.com\/wp-content\/uploads\/2025\/04\/Costamar-Piscina.jpg\" class=\"attachment-full size-full wp-image-149\" alt=\"\" srcset=\"https:\/\/fwccon.com\/wp-content\/uploads\/2025\/04\/Costamar-Piscina.jpg 1733w, https:\/\/fwccon.com\/wp-content\/uploads\/2025\/04\/Costamar-Piscina-300x187.jpg 300w, https:\/\/fwccon.com\/wp-content\/uploads\/2025\/04\/Costamar-Piscina-1024x638.jpg 1024w, https:\/\/fwccon.com\/wp-content\/uploads\/2025\/04\/Costamar-Piscina-768x479.jpg 768w, https:\/\/fwccon.com\/wp-content\/uploads\/2025\/04\/Costamar-Piscina-1536x957.jpg 1536w\" sizes=\"(max-width: 1733px) 100vw, 1733px\" \/>\t\t\t\t\t\t\t\t\t\t\t\t\t\t\t<\/div>\n\t\t\t\t<\/div>\n\t\t\t\t<\/div>\n\t\t<div class=\"elementor-element elementor-element-5d639af e-con-full e-flex e-con e-child\" data-id=\"5d639af\" data-element_type=\"container\">\n\t\t\t\t<div class=\"elementor-element elementor-element-00ff68a elementor-invisible elementor-widget elementor-widget-image\" data-id=\"00ff68a\" data-element_type=\"widget\" data-settings=\"{&quot;_animation&quot;:&quot;fadeInRight&quot;}\" data-widget_type=\"image.default\">\n\t\t\t\t<div class=\"elementor-widget-container\">\n\t\t\t\t\t\t\t\t\t\t\t\t\t\t\t<img loading=\"lazy\" decoding=\"async\" width=\"2000\" height=\"1333\" src=\"https:\/\/fwccon.com\/wp-content\/uploads\/2025\/04\/CasaWheelok150119_07-6.jpg\" class=\"attachment-full size-full wp-image-144\" alt=\"\" srcset=\"https:\/\/fwccon.com\/wp-content\/uploads\/2025\/04\/CasaWheelok150119_07-6.jpg 2000w, https:\/\/fwccon.com\/wp-content\/uploads\/2025\/04\/CasaWheelok150119_07-6-300x200.jpg 300w, https:\/\/fwccon.com\/wp-content\/uploads\/2025\/04\/CasaWheelok150119_07-6-1024x682.jpg 1024w, https:\/\/fwccon.com\/wp-content\/uploads\/2025\/04\/CasaWheelok150119_07-6-768x512.jpg 768w, https:\/\/fwccon.com\/wp-content\/uploads\/2025\/04\/CasaWheelok150119_07-6-1536x1024.jpg 1536w\" sizes=\"(max-width: 2000px) 100vw, 2000px\" \/>\t\t\t\t\t\t\t\t\t\t\t\t\t\t\t<\/div>\n\t\t\t\t<\/div>\n\t\t\t\t<\/div>\n\t\t<div class=\"elementor-element elementor-element-cd225df e-con-full e-flex e-con e-child\" data-id=\"cd225df\" data-element_type=\"container\">\n\t\t\t\t<div class=\"elementor-element elementor-element-ac7062e elementor-invisible elementor-widget elementor-widget-image\" data-id=\"ac7062e\" data-element_type=\"widget\" data-settings=\"{&quot;_animation&quot;:&quot;fadeInLeft&quot;}\" data-widget_type=\"image.default\">\n\t\t\t\t<div class=\"elementor-widget-container\">\n\t\t\t\t\t\t\t\t\t\t\t\t\t\t\t<img loading=\"lazy\" decoding=\"async\" width=\"2200\" height=\"1248\" src=\"https:\/\/fwccon.com\/wp-content\/uploads\/2025\/04\/IMG_6056.jpg\" class=\"attachment-full size-full wp-image-155\" alt=\"\" srcset=\"https:\/\/fwccon.com\/wp-content\/uploads\/2025\/04\/IMG_6056.jpg 2200w, https:\/\/fwccon.com\/wp-content\/uploads\/2025\/04\/IMG_6056-300x170.jpg 300w, https:\/\/fwccon.com\/wp-content\/uploads\/2025\/04\/IMG_6056-1024x581.jpg 1024w, https:\/\/fwccon.com\/wp-content\/uploads\/2025\/04\/IMG_6056-768x436.jpg 768w, https:\/\/fwccon.com\/wp-content\/uploads\/2025\/04\/IMG_6056-1536x871.jpg 1536w, https:\/\/fwccon.com\/wp-content\/uploads\/2025\/04\/IMG_6056-2048x1162.jpg 2048w\" sizes=\"(max-width: 2200px) 100vw, 2200px\" \/>\t\t\t\t\t\t\t\t\t\t\t\t\t\t\t<\/div>\n\t\t\t\t<\/div>\n\t\t\t\t<div class=\"elementor-element elementor-element-a5bdd1c elementor-invisible elementor-widget elementor-widget-image\" data-id=\"a5bdd1c\" data-element_type=\"widget\" data-settings=\"{&quot;_animation&quot;:&quot;fadeInLeft&quot;}\" data-widget_type=\"image.default\">\n\t\t\t\t<div class=\"elementor-widget-container\">\n\t\t\t\t\t\t\t\t\t\t\t\t\t\t\t<img loading=\"lazy\" decoding=\"async\" width=\"1630\" height=\"920\" src=\"https:\/\/fwccon.com\/wp-content\/uploads\/2025\/04\/IMG_6058.jpg\" class=\"attachment-full size-full wp-image-156\" alt=\"\" srcset=\"https:\/\/fwccon.com\/wp-content\/uploads\/2025\/04\/IMG_6058.jpg 1630w, https:\/\/fwccon.com\/wp-content\/uploads\/2025\/04\/IMG_6058-300x169.jpg 300w, https:\/\/fwccon.com\/wp-content\/uploads\/2025\/04\/IMG_6058-1024x578.jpg 1024w, https:\/\/fwccon.com\/wp-content\/uploads\/2025\/04\/IMG_6058-768x433.jpg 768w, https:\/\/fwccon.com\/wp-content\/uploads\/2025\/04\/IMG_6058-1536x867.jpg 1536w\" sizes=\"(max-width: 1630px) 100vw, 1630px\" \/>\t\t\t\t\t\t\t\t\t\t\t\t\t\t\t<\/div>\n\t\t\t\t<\/div>\n\t\t\t\t<\/div>\n\t\t<div class=\"elementor-element elementor-element-3a4f8b5 e-con-full e-flex e-con e-child\" data-id=\"3a4f8b5\" data-element_type=\"container\">\n\t\t\t\t<div class=\"elementor-element elementor-element-8d10ea7 elementor-invisible elementor-widget elementor-widget-image\" data-id=\"8d10ea7\" data-element_type=\"widget\" data-settings=\"{&quot;_animation&quot;:&quot;fadeInDown&quot;}\" data-widget_type=\"image.default\">\n\t\t\t\t<div class=\"elementor-widget-container\">\n\t\t\t\t\t\t\t\t\t\t\t\t\t\t\t<img loading=\"lazy\" decoding=\"async\" width=\"2200\" height=\"1362\" src=\"https:\/\/fwccon.com\/wp-content\/uploads\/2025\/04\/IMG_6052.jpg\" class=\"attachment-full size-full wp-image-154\" alt=\"\" srcset=\"https:\/\/fwccon.com\/wp-content\/uploads\/2025\/04\/IMG_6052.jpg 2200w, https:\/\/fwccon.com\/wp-content\/uploads\/2025\/04\/IMG_6052-300x186.jpg 300w, https:\/\/fwccon.com\/wp-content\/uploads\/2025\/04\/IMG_6052-1024x634.jpg 1024w, https:\/\/fwccon.com\/wp-content\/uploads\/2025\/04\/IMG_6052-768x475.jpg 768w, https:\/\/fwccon.com\/wp-content\/uploads\/2025\/04\/IMG_6052-1536x951.jpg 1536w, https:\/\/fwccon.com\/wp-content\/uploads\/2025\/04\/IMG_6052-2048x1268.jpg 2048w\" sizes=\"(max-width: 2200px) 100vw, 2200px\" \/>\t\t\t\t\t\t\t\t\t\t\t\t\t\t\t<\/div>\n\t\t\t\t<\/div>\n\t\t\t\t<\/div>\n\t\t\t\t<\/div>\n\t\t\t\t<\/div>","protected":false},"excerpt":{"rendered":"<p>FWC es una compa\u00f1\u00eda boutique, que se especializa en la construcci\u00f3n de residencias de primera gama. Como desarrolladores FWC ha completado siete proyectos residenciales sumando m\u00e1s de 40 casas, tres proyectos de condominios que constan de 64 unidades, as\u00ed como propiedades comerciales que suman m\u00e1s de 3,000 metros cuadrados. A la fecha, FWC ha construido [&hellip;]<\/p>","protected":false},"author":1,"featured_media":0,"parent":0,"menu_order":0,"comment_status":"closed","ping_status":"closed","template":"elementor_header_footer","meta":{"footnotes":""},"class_list":["post-10","page","type-page","status-publish","hentry"],"_links":{"self":[{"href":"https:\/\/fwccon.com\/en\/wp-json\/wp\/v2\/pages\/10","targetHints":{"allow":["GET"]}}],"collection":[{"href":"https:\/\/fwccon.com\/en\/wp-json\/wp\/v2\/pages"}],"about":[{"href":"https:\/\/fwccon.com\/en\/wp-json\/wp\/v2\/types\/page"}],"author":[{"embeddable":true,"href":"https:\/\/fwccon.com\/en\/wp-json\/wp\/v2\/users\/1"}],"replies":[{"embeddable":true,"href":"https:\/\/fwccon.com\/en\/wp-json\/wp\/v2\/comments?post=10"}],"version-history":[{"count":211,"href":"https:\/\/fwccon.com\/en\/wp-json\/wp\/v2\/pages\/10\/revisions"}],"predecessor-version":[{"id":496,"href":"https:\/\/fwccon.com\/en\/wp-json\/wp\/v2\/pages\/10\/revisions\/496"}],"wp:attachment":[{"href":"https:\/\/fwccon.com\/en\/wp-json\/wp\/v2\/media?parent=10"}],"curies":[{"name":"wp","href":"https:\/\/api.w.org\/{rel}","templated":true}]}}